{"id":38123,"date":"2026-04-12T13:43:51","date_gmt":"2026-04-12T11:43:51","guid":{"rendered":"https:\/\/klikstore.pl\/rowery\/produkt\/uzywany-rower-giant-hurricane\/"},"modified":"2026-04-12T16:52:36","modified_gmt":"2026-04-12T14:52:36","slug":"uzywany-rower-giant-hurricane","status":"publish","type":"product","link":"https:\/\/klikstore.pl\/rowery\/produkt\/uzywany-rower-giant-hurricane\/","title":{"rendered":"U\u017cywany rower Giant Hurricane"},"content":{"rendered":"<p>Je\u015bli szukasz niezawodnego roweru, nie szukaj dalej ni\u017c rower g\u00f3rski Giant Hurricane! Typ roweru: Rower g\u00f3rski Wysoko\u015b\u0107 ramy: 53 cm Rozmiar k\u00f3\u0142: 28 cali Typ hamulca: Hamulec r\u0119czny Przerzutki: Tak Dlaczego warto wybra\u0107 stacj\u0119 rowerow\u0105: Szeroka gama wysokiej jako\u015bci u\u017cywanych rower\u00f3w 95% asortymentu ko\u0142owego \u015awiadome i niedrogie<br \/>\nW pe\u0142ni sprawdzone i dostarczone gotowe do jazdy. Uwaga: nie oferujemy gwarancji! Przy zakupie mo\u017cesz zap\u0142aci\u0107 wy\u0142\u0105cznie kart\u0105 debetow\u0105. Nie ma mo\u017cliwo\u015bci wymiany roweru na inny. Jazdy pr\u00f3bne mo\u017cliwe s\u0105 w naszym sklepie Stationsplein 71 5701 PE Helmond Numer roweru: 2792<br \/>\nSzczeg\u00f3\u0142y (wyposa\u017cenie i specyfikacja):<br \/>\nWyposa\u017cenie:<br \/>\n&#8211; Przerzutki przednie<br \/>\n&#8211; Tylne ko\u0142a z\u0119bate<br \/>\nSpecyfikacja ramy:<br \/>\nMarka: Giant<br \/>\nModel: Hurricane<br \/>\nTyp: G\u00f3ra<br \/>\nKolor: Inne<br \/>\nP\u0142e\u0107: Unisex<br \/>\nPozosta\u0142e parametry:<br \/>\nRodzaj hamulc\u00f3w: Hamulce r\u0119czne<br \/>\nRozmiar ko\u0142a: 28&#8243;<br \/>\nMateria\u0142 ramy: Stal<br \/>\nBiegi z przodu: 3<br \/>\nBiegi z ty\u0142u: 7<\/p>\n","protected":false},"excerpt":{"rendered":"<p>U\u017cywany ,Giant, Hurricane, Rower g\u00f3rski MTB<\/p>\n","protected":false},"featured_media":38125,"comment_status":"closed","ping_status":"open","template":"","meta":{"jetpack_post_was_ever_published":false},"product_cat":[474],"product_tag":[475],"class_list":{"0":"post-38123","1":"product","2":"type-product","3":"status-publish","4":"has-post-thumbnail","6":"product_brand-giant","7":"product_cat-rower-gorski-mtb","8":"product_tag-rower-gorski-mtb","10":"first","11":"instock","12":"taxable","13":"shipping-taxable","14":"purchasable","15":"product-type-simple"},"yoast_head":"<!-- This site is optimized with the Yoast SEO plugin v27.5 - https:\/\/yoast.com\/product\/yoast-seo-wordpress\/ -->\n<title>U\u017cywany rower Giant Hurricane - Rowery z Holandii<\/title>\n<meta name=\"robots\" content=\"index, follow, max-snippet:-1, max-image-preview:large, max-video-preview:-1\" \/>\n<link rel=\"canonical\" href=\"https:\/\/klikstore.pl\/rowery\/produkt\/uzywany-rower-giant-hurricane\/\" \/>\n<meta property=\"og:locale\" content=\"pl_PL\" \/>\n<meta property=\"og:type\" content=\"article\" \/>\n<meta property=\"og:title\" content=\"U\u017cywany rower Giant Hurricane - Rowery z Holandii\" \/>\n<meta property=\"og:description\" content=\"U\u017cywany ,Giant, Hurricane, Rower g\u00f3rski MTB\" \/>\n<meta property=\"og:url\" content=\"https:\/\/klikstore.pl\/rowery\/produkt\/uzywany-rower-giant-hurricane\/\" \/>\n<meta property=\"og:site_name\" content=\"Rowery z Holandii\" \/>\n<meta property=\"article:publisher\" content=\"https:\/\/www.facebook.com\/profile.php?id=100085486444217\" \/>\n<meta property=\"article:modified_time\" content=\"2026-04-12T14:52:36+00:00\" \/>\n<meta property=\"og:image\" content=\"https:\/\/klikstore.pl\/rowery\/wp-content\/uploads\/2026\/04\/klikstore-roewr-2.jpg\" \/>\n\t<meta property=\"og:image:width\" content=\"1600\" \/>\n\t<meta property=\"og:image:height\" content=\"900\" \/>\n\t<meta property=\"og:image:type\" content=\"image\/jpeg\" \/>\n<meta name=\"twitter:card\" content=\"summary_large_image\" \/>\n<meta name=\"twitter:label1\" content=\"Szacowany czas czytania\" \/>\n\t<meta name=\"twitter:data1\" content=\"1 minuta\" \/>\n<script type=\"application\/ld+json\" class=\"yoast-schema-graph\">{\"@context\":\"https:\\\/\\\/schema.org\",\"@graph\":[{\"@type\":\"WebPage\",\"@id\":\"https:\\\/\\\/klikstore.pl\\\/rowery\\\/produkt\\\/uzywany-rower-giant-hurricane\\\/\",\"url\":\"https:\\\/\\\/klikstore.pl\\\/rowery\\\/produkt\\\/uzywany-rower-giant-hurricane\\\/\",\"name\":\"U\u017cywany rower Giant Hurricane - Rowery z Holandii\",\"isPartOf\":{\"@id\":\"https:\\\/\\\/klikstore.pl\\\/rowery\\\/#website\"},\"primaryImageOfPage\":{\"@id\":\"https:\\\/\\\/klikstore.pl\\\/rowery\\\/produkt\\\/uzywany-rower-giant-hurricane\\\/#primaryimage\"},\"image\":{\"@id\":\"https:\\\/\\\/klikstore.pl\\\/rowery\\\/produkt\\\/uzywany-rower-giant-hurricane\\\/#primaryimage\"},\"thumbnailUrl\":\"https:\\\/\\\/klikstore.pl\\\/rowery\\\/wp-content\\\/uploads\\\/2026\\\/04\\\/klikstore-roewr-2.jpg\",\"datePublished\":\"2026-04-12T11:43:51+00:00\",\"dateModified\":\"2026-04-12T14:52:36+00:00\",\"breadcrumb\":{\"@id\":\"https:\\\/\\\/klikstore.pl\\\/rowery\\\/produkt\\\/uzywany-rower-giant-hurricane\\\/#breadcrumb\"},\"inLanguage\":\"pl-PL\",\"potentialAction\":[{\"@type\":\"ReadAction\",\"target\":[\"https:\\\/\\\/klikstore.pl\\\/rowery\\\/produkt\\\/uzywany-rower-giant-hurricane\\\/\"]}]},{\"@type\":\"ImageObject\",\"inLanguage\":\"pl-PL\",\"@id\":\"https:\\\/\\\/klikstore.pl\\\/rowery\\\/produkt\\\/uzywany-rower-giant-hurricane\\\/#primaryimage\",\"url\":\"https:\\\/\\\/klikstore.pl\\\/rowery\\\/wp-content\\\/uploads\\\/2026\\\/04\\\/klikstore-roewr-2.jpg\",\"contentUrl\":\"https:\\\/\\\/klikstore.pl\\\/rowery\\\/wp-content\\\/uploads\\\/2026\\\/04\\\/klikstore-roewr-2.jpg\",\"width\":1600,\"height\":900,\"caption\":\"U\u017cywany rower Giant Hurricane\"},{\"@type\":\"BreadcrumbList\",\"@id\":\"https:\\\/\\\/klikstore.pl\\\/rowery\\\/produkt\\\/uzywany-rower-giant-hurricane\\\/#breadcrumb\",\"itemListElement\":[{\"@type\":\"ListItem\",\"position\":1,\"name\":\"Strona g\u0142\u00f3wna\",\"item\":\"https:\\\/\\\/klikstore.pl\\\/rowery\\\/\"},{\"@type\":\"ListItem\",\"position\":2,\"name\":\"Sklep\",\"item\":\"https:\\\/\\\/klikstore.pl\\\/rowery\\\/sklep-rowery-z-holandii\\\/\"},{\"@type\":\"ListItem\",\"position\":3,\"name\":\"U\u017cywany rower Giant Hurricane\"}]},{\"@type\":\"WebSite\",\"@id\":\"https:\\\/\\\/klikstore.pl\\\/rowery\\\/#website\",\"url\":\"https:\\\/\\\/klikstore.pl\\\/rowery\\\/\",\"name\":\"Rowery z Holandii\",\"description\":\"Rowery z Holandii\",\"publisher\":{\"@id\":\"https:\\\/\\\/klikstore.pl\\\/rowery\\\/#organization\"},\"potentialAction\":[{\"@type\":\"SearchAction\",\"target\":{\"@type\":\"EntryPoint\",\"urlTemplate\":\"https:\\\/\\\/klikstore.pl\\\/rowery\\\/?s={search_term_string}\"},\"query-input\":{\"@type\":\"PropertyValueSpecification\",\"valueRequired\":true,\"valueName\":\"search_term_string\"}}],\"inLanguage\":\"pl-PL\"},{\"@type\":\"Organization\",\"@id\":\"https:\\\/\\\/klikstore.pl\\\/rowery\\\/#organization\",\"name\":\"klikclic\",\"url\":\"https:\\\/\\\/klikstore.pl\\\/rowery\\\/\",\"logo\":{\"@type\":\"ImageObject\",\"inLanguage\":\"pl-PL\",\"@id\":\"https:\\\/\\\/klikstore.pl\\\/rowery\\\/#\\\/schema\\\/logo\\\/image\\\/\",\"url\":\"https:\\\/\\\/klikstore.pl\\\/rowery\\\/wp-content\\\/uploads\\\/2023\\\/03\\\/cropped-avatar2.png\",\"contentUrl\":\"https:\\\/\\\/klikstore.pl\\\/rowery\\\/wp-content\\\/uploads\\\/2023\\\/03\\\/cropped-avatar2.png\",\"width\":600,\"height\":400,\"caption\":\"klikclic\"},\"image\":{\"@id\":\"https:\\\/\\\/klikstore.pl\\\/rowery\\\/#\\\/schema\\\/logo\\\/image\\\/\"},\"sameAs\":[\"https:\\\/\\\/www.facebook.com\\\/profile.php?id=100085486444217\"]}]}<\/script>\n<!-- \/ Yoast SEO plugin. -->","yoast_head_json":{"title":"U\u017cywany rower Giant Hurricane - Rowery z Holandii","robots":{"index":"index","follow":"follow","max-snippet":"max-snippet:-1","max-image-preview":"max-image-preview:large","max-video-preview":"max-video-preview:-1"},"canonical":"https:\/\/klikstore.pl\/rowery\/produkt\/uzywany-rower-giant-hurricane\/","og_locale":"pl_PL","og_type":"article","og_title":"U\u017cywany rower Giant Hurricane - Rowery z Holandii","og_description":"U\u017cywany ,Giant, Hurricane, Rower g\u00f3rski MTB","og_url":"https:\/\/klikstore.pl\/rowery\/produkt\/uzywany-rower-giant-hurricane\/","og_site_name":"Rowery z Holandii","article_publisher":"https:\/\/www.facebook.com\/profile.php?id=100085486444217","article_modified_time":"2026-04-12T14:52:36+00:00","og_image":[{"width":1600,"height":900,"url":"https:\/\/klikstore.pl\/rowery\/wp-content\/uploads\/2026\/04\/klikstore-roewr-2.jpg","type":"image\/jpeg"}],"twitter_card":"summary_large_image","twitter_misc":{"Szacowany czas czytania":"1 minuta"},"schema":{"@context":"https:\/\/schema.org","@graph":[{"@type":"WebPage","@id":"https:\/\/klikstore.pl\/rowery\/produkt\/uzywany-rower-giant-hurricane\/","url":"https:\/\/klikstore.pl\/rowery\/produkt\/uzywany-rower-giant-hurricane\/","name":"U\u017cywany rower Giant Hurricane - Rowery z Holandii","isPartOf":{"@id":"https:\/\/klikstore.pl\/rowery\/#website"},"primaryImageOfPage":{"@id":"https:\/\/klikstore.pl\/rowery\/produkt\/uzywany-rower-giant-hurricane\/#primaryimage"},"image":{"@id":"https:\/\/klikstore.pl\/rowery\/produkt\/uzywany-rower-giant-hurricane\/#primaryimage"},"thumbnailUrl":"https:\/\/klikstore.pl\/rowery\/wp-content\/uploads\/2026\/04\/klikstore-roewr-2.jpg","datePublished":"2026-04-12T11:43:51+00:00","dateModified":"2026-04-12T14:52:36+00:00","breadcrumb":{"@id":"https:\/\/klikstore.pl\/rowery\/produkt\/uzywany-rower-giant-hurricane\/#breadcrumb"},"inLanguage":"pl-PL","potentialAction":[{"@type":"ReadAction","target":["https:\/\/klikstore.pl\/rowery\/produkt\/uzywany-rower-giant-hurricane\/"]}]},{"@type":"ImageObject","inLanguage":"pl-PL","@id":"https:\/\/klikstore.pl\/rowery\/produkt\/uzywany-rower-giant-hurricane\/#primaryimage","url":"https:\/\/klikstore.pl\/rowery\/wp-content\/uploads\/2026\/04\/klikstore-roewr-2.jpg","contentUrl":"https:\/\/klikstore.pl\/rowery\/wp-content\/uploads\/2026\/04\/klikstore-roewr-2.jpg","width":1600,"height":900,"caption":"U\u017cywany rower Giant Hurricane"},{"@type":"BreadcrumbList","@id":"https:\/\/klikstore.pl\/rowery\/produkt\/uzywany-rower-giant-hurricane\/#breadcrumb","itemListElement":[{"@type":"ListItem","position":1,"name":"Strona g\u0142\u00f3wna","item":"https:\/\/klikstore.pl\/rowery\/"},{"@type":"ListItem","position":2,"name":"Sklep","item":"https:\/\/klikstore.pl\/rowery\/sklep-rowery-z-holandii\/"},{"@type":"ListItem","position":3,"name":"U\u017cywany rower Giant Hurricane"}]},{"@type":"WebSite","@id":"https:\/\/klikstore.pl\/rowery\/#website","url":"https:\/\/klikstore.pl\/rowery\/","name":"Rowery z Holandii","description":"Rowery z Holandii","publisher":{"@id":"https:\/\/klikstore.pl\/rowery\/#organization"},"potentialAction":[{"@type":"SearchAction","target":{"@type":"EntryPoint","urlTemplate":"https:\/\/klikstore.pl\/rowery\/?s={search_term_string}"},"query-input":{"@type":"PropertyValueSpecification","valueRequired":true,"valueName":"search_term_string"}}],"inLanguage":"pl-PL"},{"@type":"Organization","@id":"https:\/\/klikstore.pl\/rowery\/#organization","name":"klikclic","url":"https:\/\/klikstore.pl\/rowery\/","logo":{"@type":"ImageObject","inLanguage":"pl-PL","@id":"https:\/\/klikstore.pl\/rowery\/#\/schema\/logo\/image\/","url":"https:\/\/klikstore.pl\/rowery\/wp-content\/uploads\/2023\/03\/cropped-avatar2.png","contentUrl":"https:\/\/klikstore.pl\/rowery\/wp-content\/uploads\/2023\/03\/cropped-avatar2.png","width":600,"height":400,"caption":"klikclic"},"image":{"@id":"https:\/\/klikstore.pl\/rowery\/#\/schema\/logo\/image\/"},"sameAs":["https:\/\/www.facebook.com\/profile.php?id=100085486444217"]}]}},"jetpack-related-posts":[],"jetpack_sharing_enabled":true,"_links":{"self":[{"href":"https:\/\/klikstore.pl\/rowery\/wp-json\/wp\/v2\/product\/38123","targetHints":{"allow":["GET"]}}],"collection":[{"href":"https:\/\/klikstore.pl\/rowery\/wp-json\/wp\/v2\/product"}],"about":[{"href":"https:\/\/klikstore.pl\/rowery\/wp-json\/wp\/v2\/types\/product"}],"replies":[{"embeddable":true,"href":"https:\/\/klikstore.pl\/rowery\/wp-json\/wp\/v2\/comments?post=38123"}],"version-history":[{"count":1,"href":"https:\/\/klikstore.pl\/rowery\/wp-json\/wp\/v2\/product\/38123\/revisions"}],"predecessor-version":[{"id":38124,"href":"https:\/\/klikstore.pl\/rowery\/wp-json\/wp\/v2\/product\/38123\/revisions\/38124"}],"wp:featuredmedia":[{"embeddable":true,"href":"https:\/\/klikstore.pl\/rowery\/wp-json\/wp\/v2\/media\/38125"}],"wp:attachment":[{"href":"https:\/\/klikstore.pl\/rowery\/wp-json\/wp\/v2\/media?parent=38123"}],"wp:term":[{"taxonomy":"product_cat","embeddable":true,"href":"https:\/\/klikstore.pl\/rowery\/wp-json\/wp\/v2\/product_cat?post=38123"},{"taxonomy":"product_tag","embeddable":true,"href":"https:\/\/klikstore.pl\/rowery\/wp-json\/wp\/v2\/product_tag?post=38123"}],"curies":[{"name":"wp","href":"https:\/\/api.w.org\/{rel}","templated":true}]}}