{"id":38119,"date":"2026-04-12T13:43:51","date_gmt":"2026-04-12T11:43:51","guid":{"rendered":"https:\/\/klikstore.pl\/rowery\/produkt\/uzywany-rower-sparta-amazone\/"},"modified":"2026-04-12T16:52:36","modified_gmt":"2026-04-12T14:52:36","slug":"uzywany-rower-sparta-amazone","status":"publish","type":"product","link":"https:\/\/klikstore.pl\/rowery\/produkt\/uzywany-rower-sparta-amazone\/","title":{"rendered":"U\u017cywany rower Sparta Amazone"},"content":{"rendered":"<p>26-calowa Sparta Amazone z 7 biegami, dynamem w pia\u015bcie i podw\u00f3jn\u0105 stopk\u0105. Wysoko\u015b\u0107 ramy 54 cm, kolor wi\u015bniowy.<br \/>\nSzczeg\u00f3\u0142y (wyposa\u017cenie i specyfikacja):<br \/>\nWyposa\u017cenie:<br \/>\n&#8211; Podw\u00f3jny stojak<br \/>\n&#8211; O\u015bwietlenie tylne<br \/>\n&#8211; O\u015bwietlenie przednie<br \/>\n&#8211; Tylne ko\u0142a z\u0119bate<br \/>\n&#8211; Dzwonek<br \/>\n&#8211; Baga\u017cnik tylny<br \/>\nSpecyfikacja ramy:<br \/>\nMarka: Sparta<br \/>\nModel: Amazone<br \/>\nTyp: Miejski<br \/>\nKolor: Inne<br \/>\nP\u0142e\u0107: Damski<br \/>\nPozosta\u0142e parametry:<br \/>\nRodzaj hamulc\u00f3w: Hamulce r\u0119czne<br \/>\nRozmiar ko\u0142a: 26&#8243;<br \/>\nBiegi z przodu: 1<br \/>\nBiegi z ty\u0142u: 7<\/p>\n","protected":false},"excerpt":{"rendered":"<p>U\u017cywany ,Sparta, Amazone, Rower miejski<\/p>\n","protected":false},"featured_media":38121,"comment_status":"closed","ping_status":"open","template":"","meta":{"jetpack_post_was_ever_published":false},"product_cat":[468],"product_tag":[469],"class_list":{"0":"post-38119","1":"product","2":"type-product","3":"status-publish","4":"has-post-thumbnail","6":"product_brand-sparta","7":"product_cat-rower-miejski","8":"product_tag-rower-miejski","10":"first","11":"instock","12":"taxable","13":"shipping-taxable","14":"purchasable","15":"product-type-simple"},"yoast_head":"<!-- This site is optimized with the Yoast SEO plugin v27.5 - https:\/\/yoast.com\/product\/yoast-seo-wordpress\/ -->\n<title>U\u017cywany rower Sparta Amazone - Rowery z Holandii<\/title>\n<meta name=\"robots\" content=\"index, follow, max-snippet:-1, max-image-preview:large, max-video-preview:-1\" \/>\n<link rel=\"canonical\" href=\"https:\/\/klikstore.pl\/rowery\/produkt\/uzywany-rower-sparta-amazone\/\" \/>\n<meta property=\"og:locale\" content=\"pl_PL\" \/>\n<meta property=\"og:type\" content=\"article\" \/>\n<meta property=\"og:title\" content=\"U\u017cywany rower Sparta Amazone - Rowery z Holandii\" \/>\n<meta property=\"og:description\" content=\"U\u017cywany ,Sparta, Amazone, Rower miejski\" \/>\n<meta property=\"og:url\" content=\"https:\/\/klikstore.pl\/rowery\/produkt\/uzywany-rower-sparta-amazone\/\" \/>\n<meta property=\"og:site_name\" content=\"Rowery z Holandii\" \/>\n<meta property=\"article:publisher\" content=\"https:\/\/www.facebook.com\/profile.php?id=100085486444217\" \/>\n<meta property=\"article:modified_time\" content=\"2026-04-12T14:52:36+00:00\" \/>\n<meta property=\"og:image\" content=\"https:\/\/klikstore.pl\/rowery\/wp-content\/uploads\/2026\/04\/klikstore-roewr-1.jpg\" \/>\n\t<meta property=\"og:image:width\" content=\"1600\" \/>\n\t<meta property=\"og:image:height\" content=\"1200\" \/>\n\t<meta property=\"og:image:type\" content=\"image\/jpeg\" \/>\n<meta name=\"twitter:card\" content=\"summary_large_image\" \/>\n<script type=\"application\/ld+json\" class=\"yoast-schema-graph\">{\"@context\":\"https:\\\/\\\/schema.org\",\"@graph\":[{\"@type\":\"WebPage\",\"@id\":\"https:\\\/\\\/klikstore.pl\\\/rowery\\\/produkt\\\/uzywany-rower-sparta-amazone\\\/\",\"url\":\"https:\\\/\\\/klikstore.pl\\\/rowery\\\/produkt\\\/uzywany-rower-sparta-amazone\\\/\",\"name\":\"U\u017cywany rower Sparta Amazone - Rowery z Holandii\",\"isPartOf\":{\"@id\":\"https:\\\/\\\/klikstore.pl\\\/rowery\\\/#website\"},\"primaryImageOfPage\":{\"@id\":\"https:\\\/\\\/klikstore.pl\\\/rowery\\\/produkt\\\/uzywany-rower-sparta-amazone\\\/#primaryimage\"},\"image\":{\"@id\":\"https:\\\/\\\/klikstore.pl\\\/rowery\\\/produkt\\\/uzywany-rower-sparta-amazone\\\/#primaryimage\"},\"thumbnailUrl\":\"https:\\\/\\\/klikstore.pl\\\/rowery\\\/wp-content\\\/uploads\\\/2026\\\/04\\\/klikstore-roewr-1.jpg\",\"datePublished\":\"2026-04-12T11:43:51+00:00\",\"dateModified\":\"2026-04-12T14:52:36+00:00\",\"breadcrumb\":{\"@id\":\"https:\\\/\\\/klikstore.pl\\\/rowery\\\/produkt\\\/uzywany-rower-sparta-amazone\\\/#breadcrumb\"},\"inLanguage\":\"pl-PL\",\"potentialAction\":[{\"@type\":\"ReadAction\",\"target\":[\"https:\\\/\\\/klikstore.pl\\\/rowery\\\/produkt\\\/uzywany-rower-sparta-amazone\\\/\"]}]},{\"@type\":\"ImageObject\",\"inLanguage\":\"pl-PL\",\"@id\":\"https:\\\/\\\/klikstore.pl\\\/rowery\\\/produkt\\\/uzywany-rower-sparta-amazone\\\/#primaryimage\",\"url\":\"https:\\\/\\\/klikstore.pl\\\/rowery\\\/wp-content\\\/uploads\\\/2026\\\/04\\\/klikstore-roewr-1.jpg\",\"contentUrl\":\"https:\\\/\\\/klikstore.pl\\\/rowery\\\/wp-content\\\/uploads\\\/2026\\\/04\\\/klikstore-roewr-1.jpg\",\"width\":1600,\"height\":1200,\"caption\":\"U\u017cywany rower Sparta Amazone\"},{\"@type\":\"BreadcrumbList\",\"@id\":\"https:\\\/\\\/klikstore.pl\\\/rowery\\\/produkt\\\/uzywany-rower-sparta-amazone\\\/#breadcrumb\",\"itemListElement\":[{\"@type\":\"ListItem\",\"position\":1,\"name\":\"Strona g\u0142\u00f3wna\",\"item\":\"https:\\\/\\\/klikstore.pl\\\/rowery\\\/\"},{\"@type\":\"ListItem\",\"position\":2,\"name\":\"Sklep\",\"item\":\"https:\\\/\\\/klikstore.pl\\\/rowery\\\/sklep-rowery-z-holandii\\\/\"},{\"@type\":\"ListItem\",\"position\":3,\"name\":\"U\u017cywany rower Sparta Amazone\"}]},{\"@type\":\"WebSite\",\"@id\":\"https:\\\/\\\/klikstore.pl\\\/rowery\\\/#website\",\"url\":\"https:\\\/\\\/klikstore.pl\\\/rowery\\\/\",\"name\":\"Rowery z Holandii\",\"description\":\"Rowery z Holandii\",\"publisher\":{\"@id\":\"https:\\\/\\\/klikstore.pl\\\/rowery\\\/#organization\"},\"potentialAction\":[{\"@type\":\"SearchAction\",\"target\":{\"@type\":\"EntryPoint\",\"urlTemplate\":\"https:\\\/\\\/klikstore.pl\\\/rowery\\\/?s={search_term_string}\"},\"query-input\":{\"@type\":\"PropertyValueSpecification\",\"valueRequired\":true,\"valueName\":\"search_term_string\"}}],\"inLanguage\":\"pl-PL\"},{\"@type\":\"Organization\",\"@id\":\"https:\\\/\\\/klikstore.pl\\\/rowery\\\/#organization\",\"name\":\"klikclic\",\"url\":\"https:\\\/\\\/klikstore.pl\\\/rowery\\\/\",\"logo\":{\"@type\":\"ImageObject\",\"inLanguage\":\"pl-PL\",\"@id\":\"https:\\\/\\\/klikstore.pl\\\/rowery\\\/#\\\/schema\\\/logo\\\/image\\\/\",\"url\":\"https:\\\/\\\/klikstore.pl\\\/rowery\\\/wp-content\\\/uploads\\\/2023\\\/03\\\/cropped-avatar2.png\",\"contentUrl\":\"https:\\\/\\\/klikstore.pl\\\/rowery\\\/wp-content\\\/uploads\\\/2023\\\/03\\\/cropped-avatar2.png\",\"width\":600,\"height\":400,\"caption\":\"klikclic\"},\"image\":{\"@id\":\"https:\\\/\\\/klikstore.pl\\\/rowery\\\/#\\\/schema\\\/logo\\\/image\\\/\"},\"sameAs\":[\"https:\\\/\\\/www.facebook.com\\\/profile.php?id=100085486444217\"]}]}<\/script>\n<!-- \/ Yoast SEO plugin. -->","yoast_head_json":{"title":"U\u017cywany rower Sparta Amazone - Rowery z Holandii","robots":{"index":"index","follow":"follow","max-snippet":"max-snippet:-1","max-image-preview":"max-image-preview:large","max-video-preview":"max-video-preview:-1"},"canonical":"https:\/\/klikstore.pl\/rowery\/produkt\/uzywany-rower-sparta-amazone\/","og_locale":"pl_PL","og_type":"article","og_title":"U\u017cywany rower Sparta Amazone - Rowery z Holandii","og_description":"U\u017cywany ,Sparta, Amazone, Rower miejski","og_url":"https:\/\/klikstore.pl\/rowery\/produkt\/uzywany-rower-sparta-amazone\/","og_site_name":"Rowery z Holandii","article_publisher":"https:\/\/www.facebook.com\/profile.php?id=100085486444217","article_modified_time":"2026-04-12T14:52:36+00:00","og_image":[{"width":1600,"height":1200,"url":"https:\/\/klikstore.pl\/rowery\/wp-content\/uploads\/2026\/04\/klikstore-roewr-1.jpg","type":"image\/jpeg"}],"twitter_card":"summary_large_image","schema":{"@context":"https:\/\/schema.org","@graph":[{"@type":"WebPage","@id":"https:\/\/klikstore.pl\/rowery\/produkt\/uzywany-rower-sparta-amazone\/","url":"https:\/\/klikstore.pl\/rowery\/produkt\/uzywany-rower-sparta-amazone\/","name":"U\u017cywany rower Sparta Amazone - Rowery z Holandii","isPartOf":{"@id":"https:\/\/klikstore.pl\/rowery\/#website"},"primaryImageOfPage":{"@id":"https:\/\/klikstore.pl\/rowery\/produkt\/uzywany-rower-sparta-amazone\/#primaryimage"},"image":{"@id":"https:\/\/klikstore.pl\/rowery\/produkt\/uzywany-rower-sparta-amazone\/#primaryimage"},"thumbnailUrl":"https:\/\/klikstore.pl\/rowery\/wp-content\/uploads\/2026\/04\/klikstore-roewr-1.jpg","datePublished":"2026-04-12T11:43:51+00:00","dateModified":"2026-04-12T14:52:36+00:00","breadcrumb":{"@id":"https:\/\/klikstore.pl\/rowery\/produkt\/uzywany-rower-sparta-amazone\/#breadcrumb"},"inLanguage":"pl-PL","potentialAction":[{"@type":"ReadAction","target":["https:\/\/klikstore.pl\/rowery\/produkt\/uzywany-rower-sparta-amazone\/"]}]},{"@type":"ImageObject","inLanguage":"pl-PL","@id":"https:\/\/klikstore.pl\/rowery\/produkt\/uzywany-rower-sparta-amazone\/#primaryimage","url":"https:\/\/klikstore.pl\/rowery\/wp-content\/uploads\/2026\/04\/klikstore-roewr-1.jpg","contentUrl":"https:\/\/klikstore.pl\/rowery\/wp-content\/uploads\/2026\/04\/klikstore-roewr-1.jpg","width":1600,"height":1200,"caption":"U\u017cywany rower Sparta Amazone"},{"@type":"BreadcrumbList","@id":"https:\/\/klikstore.pl\/rowery\/produkt\/uzywany-rower-sparta-amazone\/#breadcrumb","itemListElement":[{"@type":"ListItem","position":1,"name":"Strona g\u0142\u00f3wna","item":"https:\/\/klikstore.pl\/rowery\/"},{"@type":"ListItem","position":2,"name":"Sklep","item":"https:\/\/klikstore.pl\/rowery\/sklep-rowery-z-holandii\/"},{"@type":"ListItem","position":3,"name":"U\u017cywany rower Sparta Amazone"}]},{"@type":"WebSite","@id":"https:\/\/klikstore.pl\/rowery\/#website","url":"https:\/\/klikstore.pl\/rowery\/","name":"Rowery z Holandii","description":"Rowery z Holandii","publisher":{"@id":"https:\/\/klikstore.pl\/rowery\/#organization"},"potentialAction":[{"@type":"SearchAction","target":{"@type":"EntryPoint","urlTemplate":"https:\/\/klikstore.pl\/rowery\/?s={search_term_string}"},"query-input":{"@type":"PropertyValueSpecification","valueRequired":true,"valueName":"search_term_string"}}],"inLanguage":"pl-PL"},{"@type":"Organization","@id":"https:\/\/klikstore.pl\/rowery\/#organization","name":"klikclic","url":"https:\/\/klikstore.pl\/rowery\/","logo":{"@type":"ImageObject","inLanguage":"pl-PL","@id":"https:\/\/klikstore.pl\/rowery\/#\/schema\/logo\/image\/","url":"https:\/\/klikstore.pl\/rowery\/wp-content\/uploads\/2023\/03\/cropped-avatar2.png","contentUrl":"https:\/\/klikstore.pl\/rowery\/wp-content\/uploads\/2023\/03\/cropped-avatar2.png","width":600,"height":400,"caption":"klikclic"},"image":{"@id":"https:\/\/klikstore.pl\/rowery\/#\/schema\/logo\/image\/"},"sameAs":["https:\/\/www.facebook.com\/profile.php?id=100085486444217"]}]}},"jetpack-related-posts":[],"jetpack_sharing_enabled":true,"_links":{"self":[{"href":"https:\/\/klikstore.pl\/rowery\/wp-json\/wp\/v2\/product\/38119","targetHints":{"allow":["GET"]}}],"collection":[{"href":"https:\/\/klikstore.pl\/rowery\/wp-json\/wp\/v2\/product"}],"about":[{"href":"https:\/\/klikstore.pl\/rowery\/wp-json\/wp\/v2\/types\/product"}],"replies":[{"embeddable":true,"href":"https:\/\/klikstore.pl\/rowery\/wp-json\/wp\/v2\/comments?post=38119"}],"version-history":[{"count":1,"href":"https:\/\/klikstore.pl\/rowery\/wp-json\/wp\/v2\/product\/38119\/revisions"}],"predecessor-version":[{"id":38120,"href":"https:\/\/klikstore.pl\/rowery\/wp-json\/wp\/v2\/product\/38119\/revisions\/38120"}],"wp:featuredmedia":[{"embeddable":true,"href":"https:\/\/klikstore.pl\/rowery\/wp-json\/wp\/v2\/media\/38121"}],"wp:attachment":[{"href":"https:\/\/klikstore.pl\/rowery\/wp-json\/wp\/v2\/media?parent=38119"}],"wp:term":[{"taxonomy":"product_cat","embeddable":true,"href":"https:\/\/klikstore.pl\/rowery\/wp-json\/wp\/v2\/product_cat?post=38119"},{"taxonomy":"product_tag","embeddable":true,"href":"https:\/\/klikstore.pl\/rowery\/wp-json\/wp\/v2\/product_tag?post=38119"}],"curies":[{"name":"wp","href":"https:\/\/api.w.org\/{rel}","templated":true}]}}