{"id":3,"date":"2023-03-27T21:51:54","date_gmt":"2023-03-27T19:51:54","guid":{"rendered":"http:\/\/klikstore.pl\/?page_id=3"},"modified":"2023-05-04T20:25:48","modified_gmt":"2023-05-04T18:25:48","slug":"klikstore-rowery-polityka-prywatnosci","status":"publish","type":"page","link":"https:\/\/klikstore.pl\/rowery\/klikstore-rowery-polityka-prywatnosci\/","title":{"rendered":"Polityka prywatno\u015bci"},"content":{"rendered":"\t\t<div data-elementor-type=\"wp-page\" data-elementor-id=\"3\" class=\"elementor elementor-3\">\n\t\t\t\t\n\t\t<section class=\"elementor-section elementor-top-section elementor-element elementor-element-65febf4a elementor-section-boxed elementor-section-height-default elementor-section-height-default\" data-id=\"65febf4a\" data-element_type=\"section\" data-e-type=\"section\">\n\t\t\t\t\t\t<div class=\"elementor-container elementor-column-gap-default\">\n\t\t\t\t\t<div class=\"elementor-column elementor-col-100 elementor-top-column elementor-element elementor-element-209eefab\" data-id=\"209eefab\" data-element_type=\"column\" data-e-type=\"column\">\n\t\t\t<div class=\"elementor-widget-wrap elementor-element-populated\">\n\t\t\t\t\t\t<div class=\"elementor-element elementor-element-431b6564 elementor-widget elementor-widget-text-editor\" data-id=\"431b6564\" data-element_type=\"widget\" data-e-type=\"widget\" data-widget_type=\"text-editor.default\">\n\t\t\t\t\t\t\t\t\t<p><\/p>\n<p>Klikstore rowery polityka prywatno\u015bci<\/p>\n<p><\/p>\n<p><\/p>\n<p><strong>Ciasteczka<\/strong><br \/>Korzystaj\u0105c z serwisu klikstore.pl mog\u0105 zosta\u0107 umieszczone na Twoim komputerze ciasteczka (ang. cookies). S\u0105 to ma\u0142e pliki tekstowe s\u0142u\u017c\u0105ce do identyfikowania internauty przy ponownych odwiedzinach. Nie naruszaj\u0105 one w \u017caden spos\u00f3b Twojej prywatno\u015bci, gdy\u017c nie gromadz\u0105 o Tobie \u017cadnych danych. Stanowi\u0105 tylko i wy\u0142\u0105cznie informacj\u0119 dla serwisu, \u017ce odwiedzi\u0142e\u015b ju\u017c nasz\u0105 stron\u0119.<\/p>\n<p>Ich obs\u0142uga nie jest warunkiem koniecznym do przegl\u0105dania strony internetowej\u00a0klikstore.pl , aczkolwiek b\u0119dzie pomocna przy tworzeniu statystyk odwiedzalno\u015bci strony. S\u0105 one jednak wymagane przy korzystaniu z konta w serwisie.<\/p>\n<p><strong>Konto<\/strong><br \/>Zak\u0142adaj\u0105c i korzystaj\u0105c z konta w serwisie klikstore.pl\u00a0akceptujesz regulamin serwisu\u00a0klikstore.pl<\/p>\n<p>Aby m\u00f3c zalogowa\u0107 si\u0119 na swoje konto, u\u017cytkownik musi posiada\u0107 przegl\u0105dark\u0119 WWW z w\u0142\u0105czon\u0105 obs\u0142ug\u0105 ciasteczek (cookies).<\/p>\n<p><strong>Dane osobowe<\/strong><br \/>Podanie danych jest warunkiem u\u017cywania serwisu.<\/p>\n<p>Klikclic gwarantuje zachowanie poufno\u015bci danych osobowych zawartych w niniejszym zg\u0142oszeniu zgodnie z wymogami ustawy o ochronie danych osobowych z dnia 29 sierpnia 1997 r. (Dz. U. z 1997 r., Nr 133, poz. 883 z p\u00f3\u017aniejszymi zmianami).<\/p>\n<p>\u017badne dane osobowe nie s\u0105 przekazywane osobom trzecim chyba, \u017ce wymagaj\u0105 tego przepisy obowi\u0105zuj\u0105cego prawa (np. przy prowadzeniu post\u0119powania karnego). Administratorem danych osobowych jest klikclic s.c.. W przypadku usuni\u0119cia danych przez u\u017cytkownika jest to r\u00f3wnoznaczne ze zrezygnowaniem z korzystania z danej us\u0142ugi w serwisie.<\/p>\n<p>Klikclic do\u0142o\u017cy nale\u017cytej staranno\u015bci, aby zagwarantowa\u0107 ochron\u0119 przechowywanych danych. Jednak\u017ce to w gestii u\u017cytkownika le\u017cy utrzymanie w tajemnicy informacji pozwalaj\u0105cych na uzyskanie dost\u0119pu do jego konta w serwisie\u00a0klikstore.pl . Informacjami takimi s\u0105: nazwa u\u017cytkownika w po\u0142\u0105czeniu z has\u0142em, ciasteczka autologowania (tworzone przez serwis\u00a0klikstore.pl .com\u00a0na komputerze u\u017cytkownika w przypadku zaznaczenia odpowiedniej opcji w ustawieniach konta).<\/p>\n<p>Od 25 maja 2018 roku obowi\u0105zuje Rozporz\u0105dzenie Parlamentu Europejskiego i Rady (UE) 2016\/679 z dnia 27 kwietnia 2016 r. w sprawie ochrony os\u00f3b fizycznych w zwi\u0105zku z przetwarzaniem danych osobowych i w sprawie swobodnego przep\u0142ywu takich danych oraz uchylenia dyrektywy 95\/46\/WE (okre\u015blane jako \u201cRODO\u201d). W zwi\u0105zku z tym chcieliby\u015bmy poinformowa\u0107 o przetwarzaniu Twoich danych oraz zasadach, na jakich odbywa si\u0119 to po dniu 25 maja 2018 roku.<\/p>\n<p><\/p>\n<p><\/p>\n<p>Administratorami Twoich danych b\u0119dzie klikclic s.c.<\/p>\n<p><\/p>\n<p><\/p>\n<p>Chodzi o dane osobowe, kt\u00f3re s\u0105 zbierane w ramach korzystania przez Ciebie z naszych us\u0142ug, w tym zapisywanych w\u00a0plikach cookies, kt\u00f3re s\u0105 instalowane na naszej stronie.<\/p>\n<p><\/p>\n<p><\/p>\n<p>Przetwarzamy dane osobowe, aby:<\/p>\n<p><\/p>\n<p><\/p>\n<p>\u2013 zapewnia\u0107 wi\u0119ksze bezpiecze\u0144stwo us\u0142ug,<br \/>\u2013 udoskonala\u0107 nasze us\u0142ugi i maksymalnie dopasowa\u0107 je do Twoich zainteresowa\u0144.<\/p>\n<p><\/p>\n<p><\/p>\n<p>Zgodnie z obowi\u0105zuj\u0105cym prawem Twoje dane mo\u017cemy przekazywa\u0107 podmiotom przetwarzaj\u0105cym je na nasze zlecenie, np. podwykonawcom naszych us\u0142ug oraz podmiotom uprawnionym do uzyskania danych na podstawie obowi\u0105zuj\u0105cego prawa np. s\u0105dom lub organom \u015bcigania \u2013 oczywi\u015bcie tylko, gdy wyst\u0105pi\u0105 z \u017c\u0105daniem w oparciu o stosown\u0105 podstaw\u0119 prawn\u0105.<\/p>\n<p>Masz prawo \u017c\u0105dania dost\u0119pu, sprostowania, usuni\u0119cia lub ograniczenia przetwarzania danych. Mo\u017cesz wycofa\u0107 zgod\u0119 na\u00a0przetwarzanie, zg\u0142osi\u0107 sprzeciw oraz skorzysta\u0107 z innych praw.<\/p>\n<p><\/p>\n<p><\/p>\n<p>Ka\u017cde przetwarzanie Twoich danych musi by\u0107 oparte na w\u0142a\u015bciwej, zgodnej z obowi\u0105zuj\u0105cymi przepisami, podstawie prawnej. Podstaw\u0105 prawn\u0105 przetwarzania Twoich danych w celu \u015bwiadczenia us\u0142ug, w tym dopasowywania ich do Twoich potrzeb, analizowania ich i udoskonalania oraz zapewniania ich bezpiecze\u0144stwa jest niezb\u0119dno\u015b\u0107 do wykonania um\u00f3w. Przetwarzanie Twoich danych w celach realizacji um\u00f3w przez\u00a0<strong>klikclic s.c ul.Krakowska 45,<\/strong>\u00a0<strong>Budynek 23, Lokal 24<\/strong>\u00a0<strong>42-200 Cz\u0119stochowa<\/strong> <strong>Polska<\/strong> i b\u0119dzie odbywa\u0107 si\u0119 na podstawie Twojej dobrowolnej zgody.<\/p>\n<p><\/p>\t\t\t\t\t\t\t\t<\/div>\n\t\t\t\t\t<\/div>\n\t\t<\/div>\n\t\t\t\t\t<\/div>\n\t\t<\/section>\n\t\t\t\t<\/div>\n\t\t","protected":false},"excerpt":{"rendered":"<p>Klikstore rowery polityka prywatno\u015bci CiasteczkaKorzystaj\u0105c z serwisu klikstore.pl mog\u0105 zosta\u0107 umieszczone na Twoim komputerze ciasteczka (ang. cookies). S\u0105 to ma\u0142e pliki tekstowe s\u0142u\u017c\u0105ce do identyfikowania internauty przy ponownych odwiedzinach. Nie naruszaj\u0105 one w \u017caden spos\u00f3b Twojej prywatno\u015bci, gdy\u017c nie gromadz\u0105 o Tobie \u017cadnych danych. Stanowi\u0105 tylko i wy\u0142\u0105cznie informacj\u0119 dla serwisu, \u017ce odwiedzi\u0142e\u015b ju\u017c nasz\u0105 [&hellip;]<\/p>\n","protected":false},"author":1,"featured_media":0,"parent":0,"menu_order":0,"comment_status":"closed","ping_status":"open","template":"","meta":{"jetpack_post_was_ever_published":false,"footnotes":""},"class_list":["post-3","page","type-page","status-publish","hentry"],"yoast_head":"<!-- This site is optimized with the Yoast SEO plugin v27.5 - https:\/\/yoast.com\/product\/yoast-seo-wordpress\/ -->\n<title>klikstore rowery polityka prywatno\u015bci<\/title>\n<meta name=\"description\" content=\"klikstore rowery polityka prywatno\u015bci.Rowery prosto z Holandii\" \/>\n<meta name=\"robots\" content=\"index, follow, max-snippet:-1, max-image-preview:large, max-video-preview:-1\" \/>\n<link rel=\"canonical\" href=\"https:\/\/klikstore.pl\/rowery\/klikstore-rowery-polityka-prywatnosci\/\" \/>\n<meta property=\"og:locale\" content=\"pl_PL\" \/>\n<meta property=\"og:type\" content=\"article\" \/>\n<meta property=\"og:title\" content=\"klikstore rowery polityka prywatno\u015bci\" \/>\n<meta property=\"og:description\" content=\"klikstore rowery polityka prywatno\u015bci.Rowery prosto z Holandii\" \/>\n<meta property=\"og:url\" content=\"https:\/\/klikstore.pl\/rowery\/klikstore-rowery-polityka-prywatnosci\/\" \/>\n<meta property=\"og:site_name\" content=\"Rowery z Holandii\" \/>\n<meta property=\"article:publisher\" content=\"https:\/\/www.facebook.com\/profile.php?id=100085486444217\" \/>\n<meta property=\"article:modified_time\" content=\"2023-05-04T18:25:48+00:00\" \/>\n<meta name=\"twitter:card\" content=\"summary_large_image\" \/>\n<meta name=\"twitter:label1\" content=\"Szacowany czas czytania\" \/>\n\t<meta name=\"twitter:data1\" content=\"4 minuty\" \/>\n<script type=\"application\/ld+json\" class=\"yoast-schema-graph\">{\"@context\":\"https:\\\/\\\/schema.org\",\"@graph\":[{\"@type\":\"WebPage\",\"@id\":\"https:\\\/\\\/klikstore.pl\\\/rowery\\\/klikstore-rowery-polityka-prywatnosci\\\/\",\"url\":\"https:\\\/\\\/klikstore.pl\\\/rowery\\\/klikstore-rowery-polityka-prywatnosci\\\/\",\"name\":\"klikstore rowery polityka prywatno\u015bci\",\"isPartOf\":{\"@id\":\"https:\\\/\\\/klikstore.pl\\\/rowery\\\/#website\"},\"datePublished\":\"2023-03-27T19:51:54+00:00\",\"dateModified\":\"2023-05-04T18:25:48+00:00\",\"description\":\"klikstore rowery polityka prywatno\u015bci.Rowery prosto z Holandii\",\"breadcrumb\":{\"@id\":\"https:\\\/\\\/klikstore.pl\\\/rowery\\\/klikstore-rowery-polityka-prywatnosci\\\/#breadcrumb\"},\"inLanguage\":\"pl-PL\",\"potentialAction\":[{\"@type\":\"ReadAction\",\"target\":[\"https:\\\/\\\/klikstore.pl\\\/rowery\\\/klikstore-rowery-polityka-prywatnosci\\\/\"]}]},{\"@type\":\"BreadcrumbList\",\"@id\":\"https:\\\/\\\/klikstore.pl\\\/rowery\\\/klikstore-rowery-polityka-prywatnosci\\\/#breadcrumb\",\"itemListElement\":[{\"@type\":\"ListItem\",\"position\":1,\"name\":\"Strona g\u0142\u00f3wna\",\"item\":\"https:\\\/\\\/klikstore.pl\\\/rowery\\\/\"},{\"@type\":\"ListItem\",\"position\":2,\"name\":\"Polityka prywatno\u015bci\"}]},{\"@type\":\"WebSite\",\"@id\":\"https:\\\/\\\/klikstore.pl\\\/rowery\\\/#website\",\"url\":\"https:\\\/\\\/klikstore.pl\\\/rowery\\\/\",\"name\":\"Rowery z Holandii\",\"description\":\"Rowery z Holandii\",\"publisher\":{\"@id\":\"https:\\\/\\\/klikstore.pl\\\/rowery\\\/#organization\"},\"potentialAction\":[{\"@type\":\"SearchAction\",\"target\":{\"@type\":\"EntryPoint\",\"urlTemplate\":\"https:\\\/\\\/klikstore.pl\\\/rowery\\\/?s={search_term_string}\"},\"query-input\":{\"@type\":\"PropertyValueSpecification\",\"valueRequired\":true,\"valueName\":\"search_term_string\"}}],\"inLanguage\":\"pl-PL\"},{\"@type\":\"Organization\",\"@id\":\"https:\\\/\\\/klikstore.pl\\\/rowery\\\/#organization\",\"name\":\"klikclic\",\"url\":\"https:\\\/\\\/klikstore.pl\\\/rowery\\\/\",\"logo\":{\"@type\":\"ImageObject\",\"inLanguage\":\"pl-PL\",\"@id\":\"https:\\\/\\\/klikstore.pl\\\/rowery\\\/#\\\/schema\\\/logo\\\/image\\\/\",\"url\":\"https:\\\/\\\/klikstore.pl\\\/rowery\\\/wp-content\\\/uploads\\\/2023\\\/03\\\/cropped-avatar2.png\",\"contentUrl\":\"https:\\\/\\\/klikstore.pl\\\/rowery\\\/wp-content\\\/uploads\\\/2023\\\/03\\\/cropped-avatar2.png\",\"width\":600,\"height\":400,\"caption\":\"klikclic\"},\"image\":{\"@id\":\"https:\\\/\\\/klikstore.pl\\\/rowery\\\/#\\\/schema\\\/logo\\\/image\\\/\"},\"sameAs\":[\"https:\\\/\\\/www.facebook.com\\\/profile.php?id=100085486444217\"]}]}<\/script>\n<!-- \/ Yoast SEO plugin. -->","yoast_head_json":{"title":"klikstore rowery polityka prywatno\u015bci","description":"klikstore rowery polityka prywatno\u015bci.Rowery prosto z Holandii","robots":{"index":"index","follow":"follow","max-snippet":"max-snippet:-1","max-image-preview":"max-image-preview:large","max-video-preview":"max-video-preview:-1"},"canonical":"https:\/\/klikstore.pl\/rowery\/klikstore-rowery-polityka-prywatnosci\/","og_locale":"pl_PL","og_type":"article","og_title":"klikstore rowery polityka prywatno\u015bci","og_description":"klikstore rowery polityka prywatno\u015bci.Rowery prosto z Holandii","og_url":"https:\/\/klikstore.pl\/rowery\/klikstore-rowery-polityka-prywatnosci\/","og_site_name":"Rowery z Holandii","article_publisher":"https:\/\/www.facebook.com\/profile.php?id=100085486444217","article_modified_time":"2023-05-04T18:25:48+00:00","twitter_card":"summary_large_image","twitter_misc":{"Szacowany czas czytania":"4 minuty"},"schema":{"@context":"https:\/\/schema.org","@graph":[{"@type":"WebPage","@id":"https:\/\/klikstore.pl\/rowery\/klikstore-rowery-polityka-prywatnosci\/","url":"https:\/\/klikstore.pl\/rowery\/klikstore-rowery-polityka-prywatnosci\/","name":"klikstore rowery polityka prywatno\u015bci","isPartOf":{"@id":"https:\/\/klikstore.pl\/rowery\/#website"},"datePublished":"2023-03-27T19:51:54+00:00","dateModified":"2023-05-04T18:25:48+00:00","description":"klikstore rowery polityka prywatno\u015bci.Rowery prosto z Holandii","breadcrumb":{"@id":"https:\/\/klikstore.pl\/rowery\/klikstore-rowery-polityka-prywatnosci\/#breadcrumb"},"inLanguage":"pl-PL","potentialAction":[{"@type":"ReadAction","target":["https:\/\/klikstore.pl\/rowery\/klikstore-rowery-polityka-prywatnosci\/"]}]},{"@type":"BreadcrumbList","@id":"https:\/\/klikstore.pl\/rowery\/klikstore-rowery-polityka-prywatnosci\/#breadcrumb","itemListElement":[{"@type":"ListItem","position":1,"name":"Strona g\u0142\u00f3wna","item":"https:\/\/klikstore.pl\/rowery\/"},{"@type":"ListItem","position":2,"name":"Polityka prywatno\u015bci"}]},{"@type":"WebSite","@id":"https:\/\/klikstore.pl\/rowery\/#website","url":"https:\/\/klikstore.pl\/rowery\/","name":"Rowery z Holandii","description":"Rowery z Holandii","publisher":{"@id":"https:\/\/klikstore.pl\/rowery\/#organization"},"potentialAction":[{"@type":"SearchAction","target":{"@type":"EntryPoint","urlTemplate":"https:\/\/klikstore.pl\/rowery\/?s={search_term_string}"},"query-input":{"@type":"PropertyValueSpecification","valueRequired":true,"valueName":"search_term_string"}}],"inLanguage":"pl-PL"},{"@type":"Organization","@id":"https:\/\/klikstore.pl\/rowery\/#organization","name":"klikclic","url":"https:\/\/klikstore.pl\/rowery\/","logo":{"@type":"ImageObject","inLanguage":"pl-PL","@id":"https:\/\/klikstore.pl\/rowery\/#\/schema\/logo\/image\/","url":"https:\/\/klikstore.pl\/rowery\/wp-content\/uploads\/2023\/03\/cropped-avatar2.png","contentUrl":"https:\/\/klikstore.pl\/rowery\/wp-content\/uploads\/2023\/03\/cropped-avatar2.png","width":600,"height":400,"caption":"klikclic"},"image":{"@id":"https:\/\/klikstore.pl\/rowery\/#\/schema\/logo\/image\/"},"sameAs":["https:\/\/www.facebook.com\/profile.php?id=100085486444217"]}]}},"jetpack-related-posts":[],"jetpack_sharing_enabled":true,"_links":{"self":[{"href":"https:\/\/klikstore.pl\/rowery\/wp-json\/wp\/v2\/pages\/3","targetHints":{"allow":["GET"]}}],"collection":[{"href":"https:\/\/klikstore.pl\/rowery\/wp-json\/wp\/v2\/pages"}],"about":[{"href":"https:\/\/klikstore.pl\/rowery\/wp-json\/wp\/v2\/types\/page"}],"author":[{"embeddable":true,"href":"https:\/\/klikstore.pl\/rowery\/wp-json\/wp\/v2\/users\/1"}],"replies":[{"embeddable":true,"href":"https:\/\/klikstore.pl\/rowery\/wp-json\/wp\/v2\/comments?post=3"}],"version-history":[{"count":0,"href":"https:\/\/klikstore.pl\/rowery\/wp-json\/wp\/v2\/pages\/3\/revisions"}],"wp:attachment":[{"href":"https:\/\/klikstore.pl\/rowery\/wp-json\/wp\/v2\/media?parent=3"}],"curies":[{"name":"wp","href":"https:\/\/api.w.org\/{rel}","templated":true}]}}